{"id":35,"date":"2024-07-09T11:55:53","date_gmt":"2024-07-09T11:55:53","guid":{"rendered":"https:\/\/aristotelesfelsefedernegi.com\/?page_id=35"},"modified":"2026-03-14T15:17:16","modified_gmt":"2026-03-14T15:17:16","slug":"uyelik","status":"publish","type":"page","link":"https:\/\/aristotelesfelsefedernegi.com\/index.php\/uyelik\/","title":{"rendered":"\u00dcyelik"},"content":{"rendered":"\n<p><strong>Aristoteles Felsefe Derne\u011fi \u00dcyelik Ba\u015fvurusu<\/strong><\/p>\n\n\n\n<p>Aristoteles Felsefe Derne\u011fi\u2019ne \u00fcye olmak isteyen adaylar\u0131n \u00fcyelik formunu eksiksiz \u015fekilde doldurup imzalad\u0131ktan sonra derne\u011fimize iletmeleri gerekmektedir.<\/p>\n\n\n\n<p>Ba\u015fvurular, dernek y\u00f6netim kurulu taraf\u0131ndan de\u011ferlendirilir ve sonu\u00e7 ba\u015fvuru sahibine e-posta yoluyla bildirilir.<\/p>\n\n\n\n<p>Doldurulmu\u015f \u00fcyelik formunu a\u015fa\u011f\u0131daki e-posta adresine g\u00f6nderebilirsiniz:<br>\ud83d\udce7&nbsp;<strong><a>info@aristotelesfelsefedernegi.com<\/a><\/strong><\/p>\n\n\n\n<div data-wp-interactive=\"core\/file\" class=\"wp-block-file\"><object data-wp-bind--hidden=\"!state.hasPdfPreview\" hidden class=\"wp-block-file__embed\" data=\"https:\/\/aristotelesfelsefedernegi.com\/wp-content\/uploads\/2026\/03\/uyelik-formu.pdf\" type=\"application\/pdf\" style=\"width:100%;height:600px\" aria-label=\"\u00fcyelik formu g\u00f6m\u00fcs\u00fc.\"><\/object><a id=\"wp-block-file--media-e363b39e-2d80-4701-9585-349cdfa15aaf\" href=\"https:\/\/aristotelesfelsefedernegi.com\/wp-content\/uploads\/2026\/03\/uyelik-formu.pdf\">\u00fcyelik formu<\/a><a href=\"https:\/\/aristotelesfelsefedernegi.com\/wp-content\/uploads\/2026\/03\/uyelik-formu.pdf\" class=\"wp-block-file__button wp-element-button\" download aria-describedby=\"wp-block-file--media-e363b39e-2d80-4701-9585-349cdfa15aaf\">\u0130ndir<\/a><\/div>\n","protected":false},"excerpt":{"rendered":"<p>Aristoteles Felsefe Derne\u011fi \u00dcyelik Ba\u015fvurusu Aristoteles Felsefe Derne\u011fi\u2019ne \u00fcye olmak isteyen adaylar\u0131n \u00fcyelik formunu eksiksiz \u015fekilde doldurup imzalad\u0131ktan sonra derne\u011fimize &hellip; <\/p>\n","protected":false},"author":1,"featured_media":0,"parent":0,"menu_order":0,"comment_status":"closed","ping_status":"closed","template":"","meta":{"footnotes":""},"class_list":["post-35","page","type-page","status-publish","hentry"],"_links":{"self":[{"href":"https:\/\/aristotelesfelsefedernegi.com\/index.php\/wp-json\/wp\/v2\/pages\/35","targetHints":{"allow":["GET"]}}],"collection":[{"href":"https:\/\/aristotelesfelsefedernegi.com\/index.php\/wp-json\/wp\/v2\/pages"}],"about":[{"href":"https:\/\/aristotelesfelsefedernegi.com\/index.php\/wp-json\/wp\/v2\/types\/page"}],"author":[{"embeddable":true,"href":"https:\/\/aristotelesfelsefedernegi.com\/index.php\/wp-json\/wp\/v2\/users\/1"}],"replies":[{"embeddable":true,"href":"https:\/\/aristotelesfelsefedernegi.com\/index.php\/wp-json\/wp\/v2\/comments?post=35"}],"version-history":[{"count":3,"href":"https:\/\/aristotelesfelsefedernegi.com\/index.php\/wp-json\/wp\/v2\/pages\/35\/revisions"}],"predecessor-version":[{"id":792,"href":"https:\/\/aristotelesfelsefedernegi.com\/index.php\/wp-json\/wp\/v2\/pages\/35\/revisions\/792"}],"wp:attachment":[{"href":"https:\/\/aristotelesfelsefedernegi.com\/index.php\/wp-json\/wp\/v2\/media?parent=35"}],"curies":[{"name":"wp","href":"https:\/\/api.w.org\/{rel}","templated":true}]}}